{"id":11,"date":"2023-11-18T11:54:56","date_gmt":"2023-11-18T10:54:56","guid":{"rendered":"https:\/\/domyiq.sk\/?page_id=11"},"modified":"2024-07-02T10:17:32","modified_gmt":"2024-07-02T08:17:32","slug":"ponuka-domov","status":"publish","type":"page","link":"https:\/\/domyiq.sk\/index.php\/ponuka-domov\/","title":{"rendered":"Katal\u00f3g domov"},"content":{"rendered":"<section class=\"l-section wpb_row us_custom_f9cf6e08 height_auto with_img parallax_ver\"><div class=\"l-section-img\" role=\"img\" data-img-width=\"1920\" data-img-height=\"1100\" style=\"background-image: url(https:\/\/domyiq.sk\/wp-content\/uploads\/2023\/11\/image-2.jpeg);background-repeat: no-repeat;\"><\/div><div class=\"l-section-h i-cf\"><div class=\"g-cols vc_row via_flex valign_top type_default stacking_default\"><div class=\"vc_col-sm-6 wpb_column vc_column_container\"><div class=\"vc_column-inner\"><div class=\"wpb_wrapper\"><div class=\"w-hwrapper valign_middle align_left\" style=\"--hwrapper-gap:1.1rem\"><div class=\"w-separator us_custom_154d7817 rovnaciarafarba size_custom with_line width_default thick_1 style_solid color_secondary align_center\" style=\"height:2px\"><div class=\"w-separator-h\"><\/div><\/div><div class=\"wpb_text_column us_custom_38327aaa has_text_color\"><div class=\"wpb_wrapper\"><p>Vyberte si svoj mobiln\u00fd alebo modul\u00e1rny dom<\/p>\n<\/div><\/div><\/div><h1 class=\"w-post-elm post_title us_custom_08adb3f4 has_text_color align_left entry-title color_link_inherit\">Katal\u00f3g domov<\/h1><\/div><\/div><\/div><div class=\"vc_col-sm-6 wpb_column vc_column_container\"><div class=\"vc_column-inner\"><div class=\"wpb_wrapper\"><\/div><\/div><\/div><\/div><\/div><\/section><section class=\"l-section wpb_row us_custom_1f64da91 height_auto\"><div class=\"l-section-h i-cf\"><div class=\"g-cols vc_row via_flex valign_top type_default stacking_default\"><div class=\"vc_col-sm-12 wpb_column vc_column_container\"><div class=\"vc_column-inner\"><div class=\"wpb_wrapper\"><div class=\"w-grid type_grid layout_45 cols_3\" id=\"us_grid_1\" style=\"--gap:0.2rem;\" data-filterable=\"true\"><style>@media (max-width:1024px){#us_grid_1 .w-grid-item{width:50%}}@media (max-width:600px){#us_grid_1 .w-grid-list{margin:0}#us_grid_1 .w-grid-item{width:100%;padding:0;margin-bottom:var(--gap,0px)}}.layout_45 .w-grid-item-h{}.layout_45 .usg_vwrapper_1{transition-duration:0.3s;transform-origin:50% 50%;transform:scale(1) translate(0%,705%)}.layout_45 .w-grid-item-h:hover .usg_vwrapper_1{transform:scale(1) translate(0%,511%);opacity:1}.layout_45 .usg_vwrapper_2{transition-duration:0.55s;transform-origin:50% 50%;transform:scale(1) translate(0%,230%);opacity:0}.layout_45 .w-grid-item-h:hover .usg_vwrapper_2{transform:scale(1) translate(0%,232%);opacity:1}.layout_45 .usg_btn_2{transition-duration:0.3s;transform-origin:50% 50%;transform:scale(1) translate(0%,0%);opacity:0}.layout_45 .w-grid-item-h:hover .usg_btn_2{transform:scale(1) translate(0%,0%);opacity:1}.layout_45 .usg_vwrapper_1{height:50px!important;padding-left:20px!important;background:rgba(255,255,255,0.70)!important}.layout_45 .usg_post_title_1{color:#c39f75!important;text-align:left!important;font-size:2.2rem!important}.layout_45 .usg_vwrapper_2{height:110px!important;padding-left:20px!important;background:rgba(255,255,255,0.70)!important}.layout_45 .usg_btn_2{width:30px!important}@media (min-width:1025px) and (max-width:1380px){.layout_45 .usg_vwrapper_1{height:50px!important;padding-left:20px!important;background:rgba(255,255,255,0.70)!important}.layout_45 .usg_post_title_1{color:#c39f75!important;text-align:left!important;font-size:2.2rem!important}.layout_45 .usg_vwrapper_2{height:110px!important;padding-left:20px!important;background:rgba(255,255,255,0.70)!important}.layout_45 .usg_btn_2{width:30px!important}}@media (min-width:601px) and (max-width:1024px){.layout_45 .usg_vwrapper_1{height:50px!important;padding-left:20px!important;background:rgba(255,255,255,0.70)!important}.layout_45 .usg_post_title_1{color:#c39f75!important;text-align:left!important;font-size:2.2rem!important}.layout_45 .usg_vwrapper_2{height:110px!important;padding-left:20px!important;background:rgba(255,255,255,0.70)!important}.layout_45 .usg_btn_2{width:30px!important}}@media (max-width:600px){.layout_45 .usg_vwrapper_1{height:50px!important;padding-left:20px!important;background:rgba(255,255,255,0.70)!important}.layout_45 .usg_post_title_1{color:#c39f75!important;text-align:left!important;font-size:2.2rem!important}.layout_45 .usg_vwrapper_2{height:110px!important;padding-left:20px!important;background:rgba(255,255,255,0.70)!important}.layout_45 .usg_btn_2{width:30px!important}}<\/style><div class=\"w-grid-list\">\t<article class=\"w-grid-item size_1x1 post-423 us_portfolio type-us_portfolio status-publish has-post-thumbnail hentry\" data-id=\"423\">\r\n\t\t<div class=\"w-grid-item-h\" style=\"background:url(https:\/\/domyiq.sk\/wp-content\/uploads\/2023\/12\/00006-EXT-DOMINIQ-DREVO-0007.jpg) center center\/cover no-repeat;\">\r\n\t\t\t\t\t\t<div class=\"w-vwrapper usg_vwrapper_1 align_none valign_middle\"><p class=\"w-post-elm post_title usg_post_title_1 has_text_color align_left entry-title color_link_inherit\"><a href=\"https:\/\/domyiq.sk\/index.php\/nehnutelnosti\/dominiq\/\">DominIQ<\/a><\/p><\/div><div class=\"w-vwrapper usg_vwrapper_2 align_none valign_middle\"><div class=\"w-post-elm post_content usg_post_content_2\"><p>Bungalov pre rodinu<\/p>\n<\/div><a class=\"w-btn us-btn-style_4 usg_btn_2 icon_atleft text_none\" aria-label=\"Button\" href=\"https:\/\/domyiq.sk\/index.php\/nehnutelnosti\/dominiq\/\"><i class=\"far fa-long-arrow-alt-right\"><\/i><\/a><\/div>\t\t<\/div>\r\n\t<\/article>\r\n\t<article class=\"w-grid-item size_1x1 post-375 us_portfolio type-us_portfolio status-publish has-post-thumbnail hentry\" data-id=\"375\">\r\n\t\t<div class=\"w-grid-item-h\" style=\"background:url(https:\/\/domyiq.sk\/wp-content\/uploads\/2023\/12\/EXT-PLUSKO-0003.jpg) center center\/cover no-repeat;\">\r\n\t\t\t\t\t\t<div class=\"w-vwrapper usg_vwrapper_1 align_none valign_middle\"><p class=\"w-post-elm post_title usg_post_title_1 has_text_color align_left entry-title color_link_inherit\"><a href=\"https:\/\/domyiq.sk\/index.php\/nehnutelnosti\/plusko\/\">Plusko<\/a><\/p><\/div><div class=\"w-vwrapper usg_vwrapper_2 align_none valign_middle\"><div class=\"w-post-elm post_content usg_post_content_2\"><p>Dokonal\u00fd aj do mesta. <\/p>\n<\/div><a class=\"w-btn us-btn-style_4 usg_btn_2 icon_atleft text_none\" aria-label=\"Button\" href=\"https:\/\/domyiq.sk\/index.php\/nehnutelnosti\/plusko\/\"><i class=\"far fa-long-arrow-alt-right\"><\/i><\/a><\/div>\t\t<\/div>\r\n\t<\/article>\r\n\t<article class=\"w-grid-item size_1x1 post-684 us_portfolio type-us_portfolio status-publish has-post-thumbnail hentry\" data-id=\"684\">\r\n\t\t<div class=\"w-grid-item-h\" style=\"background:url(https:\/\/domyiq.sk\/wp-content\/uploads\/2024\/05\/EXT-VELKE-ELKO-v2-0006-Medium.png) center center\/cover no-repeat;\">\r\n\t\t\t\t\t\t<div class=\"w-vwrapper usg_vwrapper_1 align_none valign_middle\"><p class=\"w-post-elm post_title usg_post_title_1 has_text_color align_left entry-title color_link_inherit\"><a href=\"https:\/\/domyiq.sk\/index.php\/nehnutelnosti\/xelko\/\">Xelko<\/a><\/p><\/div><div class=\"w-vwrapper usg_vwrapper_2 align_none valign_middle\"><div class=\"w-post-elm post_content usg_post_content_2\"><p>Modern\u00fd dom pre rodinu <\/p>\n<\/div><a class=\"w-btn us-btn-style_4 usg_btn_2 icon_atleft text_none\" aria-label=\"Button\" href=\"https:\/\/domyiq.sk\/index.php\/nehnutelnosti\/xelko\/\"><i class=\"far fa-long-arrow-alt-right\"><\/i><\/a><\/div>\t\t<\/div>\r\n\t<\/article>\r\n\t<article class=\"w-grid-item size_1x1 post-739 us_portfolio type-us_portfolio status-publish has-post-thumbnail hentry\" data-id=\"739\">\r\n\t\t<div class=\"w-grid-item-h\" style=\"background:url(https:\/\/domyiq.sk\/wp-content\/uploads\/2024\/05\/EXT-LUKAS-MESTO-0007.jpg) center center\/cover no-repeat;\">\r\n\t\t\t\t\t\t<div class=\"w-vwrapper usg_vwrapper_1 align_none valign_middle\"><p class=\"w-post-elm post_title usg_post_title_1 has_text_color align_left entry-title color_link_inherit\"><a href=\"https:\/\/domyiq.sk\/index.php\/nehnutelnosti\/kancelaria\/\">Modul\u00e1rna kancel\u00e1ria<\/a><\/p><\/div><div class=\"w-vwrapper usg_vwrapper_2 align_none valign_middle\"><div class=\"w-post-elm post_content usg_post_content_2\"><p>Homeoffice kdeko\u013evek <\/p>\n<\/div><a class=\"w-btn us-btn-style_4 usg_btn_2 icon_atleft text_none\" aria-label=\"Button\" href=\"https:\/\/domyiq.sk\/index.php\/nehnutelnosti\/kancelaria\/\"><i class=\"far fa-long-arrow-alt-right\"><\/i><\/a><\/div>\t\t<\/div>\r\n\t<\/article>\r\n\t<article class=\"w-grid-item size_1x1 post-716 us_portfolio type-us_portfolio status-publish has-post-thumbnail hentry\" data-id=\"716\">\r\n\t\t<div class=\"w-grid-item-h\" style=\"background:url(https:\/\/domyiq.sk\/wp-content\/uploads\/2024\/05\/INOLENS-SAUNA-0010-Large.jpeg) center center\/cover no-repeat;\">\r\n\t\t\t\t\t\t<div class=\"w-vwrapper usg_vwrapper_1 align_none valign_middle\"><p class=\"w-post-elm post_title usg_post_title_1 has_text_color align_left entry-title color_link_inherit\"><a href=\"https:\/\/domyiq.sk\/index.php\/nehnutelnosti\/sauna\/\">Sauna<\/a><\/p><\/div><div class=\"w-vwrapper usg_vwrapper_2 align_none valign_middle\"><div class=\"w-post-elm post_content usg_post_content_2\"><p>Nie\u010do v\u00fdnimo\u010dn\u00e9<\/p>\n<\/div><a class=\"w-btn us-btn-style_4 usg_btn_2 icon_atleft text_none\" aria-label=\"Button\" href=\"https:\/\/domyiq.sk\/index.php\/nehnutelnosti\/sauna\/\"><i class=\"far fa-long-arrow-alt-right\"><\/i><\/a><\/div>\t\t<\/div>\r\n\t<\/article>\r\n\t<article class=\"w-grid-item size_1x1 post-441 us_portfolio type-us_portfolio status-publish has-post-thumbnail hentry\" data-id=\"441\">\r\n\t\t<div class=\"w-grid-item-h\" style=\"background:url(https:\/\/domyiq.sk\/wp-content\/uploads\/2023\/10\/male-elko-domyiq-exterier10.jpg) center center\/cover no-repeat;\">\r\n\t\t\t\t\t\t<div class=\"w-vwrapper usg_vwrapper_1 align_none valign_middle\"><p class=\"w-post-elm post_title usg_post_title_1 has_text_color align_left entry-title color_link_inherit\"><a href=\"https:\/\/domyiq.sk\/index.php\/nehnutelnosti\/elko\/\">Elko<\/a><\/p><\/div><div class=\"w-vwrapper usg_vwrapper_2 align_none valign_middle\"><div class=\"w-post-elm post_content usg_post_content_2\"><p>\u00datuln\u00fd modul\u00e1rny dom <\/p>\n<\/div><a class=\"w-btn us-btn-style_4 usg_btn_2 icon_atleft text_none\" aria-label=\"Button\" href=\"https:\/\/domyiq.sk\/index.php\/nehnutelnosti\/elko\/\"><i class=\"far fa-long-arrow-alt-right\"><\/i><\/a><\/div>\t\t<\/div>\r\n\t<\/article>\r\n\t<article class=\"w-grid-item size_1x1 post-212 us_portfolio type-us_portfolio status-publish has-post-thumbnail hentry\" data-id=\"212\">\r\n\t\t<div class=\"w-grid-item-h\" style=\"background:url(https:\/\/domyiq.sk\/wp-content\/uploads\/2023\/12\/181693852473-domy-iq-mobilne-10.jpg) center center\/cover no-repeat;\">\r\n\t\t\t\t\t\t<div class=\"w-vwrapper usg_vwrapper_1 align_none valign_middle\"><p class=\"w-post-elm post_title usg_post_title_1 has_text_color align_left entry-title color_link_inherit\"><a href=\"https:\/\/domyiq.sk\/index.php\/nehnutelnosti\/mobilny-dom-s-loftom\/\">Dom s loftom<\/a><\/p><\/div><div class=\"w-vwrapper usg_vwrapper_2 align_none valign_middle\"><div class=\"w-post-elm post_content usg_post_content_2\"><p>Na celoro\u010dn\u00e9 b\u00fdvanie. <\/p>\n<\/div><a class=\"w-btn us-btn-style_4 usg_btn_2 icon_atleft text_none\" aria-label=\"Button\" href=\"https:\/\/domyiq.sk\/index.php\/nehnutelnosti\/mobilny-dom-s-loftom\/\"><i class=\"far fa-long-arrow-alt-right\"><\/i><\/a><\/div>\t\t<\/div>\r\n\t<\/article>\r\n\t<article class=\"w-grid-item size_1x1 post-213 us_portfolio type-us_portfolio status-publish has-post-thumbnail hentry\" data-id=\"213\">\r\n\t\t<div class=\"w-grid-item-h\" style=\"background:url(https:\/\/domyiq.sk\/wp-content\/uploads\/2023\/12\/3D-vizualizace-mobilni-dum.jpg) center center\/cover no-repeat;\">\r\n\t\t\t\t\t\t<div class=\"w-vwrapper usg_vwrapper_1 align_none valign_middle\"><p class=\"w-post-elm post_title usg_post_title_1 has_text_color align_left entry-title color_link_inherit\"><a href=\"https:\/\/domyiq.sk\/index.php\/nehnutelnosti\/mobilna-rozhladna\/\">Bar\u00e1CZek \u00ae<\/a><\/p><\/div><div class=\"w-vwrapper usg_vwrapper_2 align_none valign_middle\"><div class=\"w-post-elm post_content usg_post_content_2\"><p>Aj na podnikanie. <\/p>\n<\/div><a class=\"w-btn us-btn-style_4 usg_btn_2 icon_atleft text_none\" aria-label=\"Button\" href=\"https:\/\/domyiq.sk\/index.php\/nehnutelnosti\/mobilna-rozhladna\/\"><i class=\"far fa-long-arrow-alt-right\"><\/i><\/a><\/div>\t\t<\/div>\r\n\t<\/article>\r\n\t<article class=\"w-grid-item size_1x1 post-80 us_portfolio type-us_portfolio status-publish has-post-thumbnail hentry\" data-id=\"80\">\r\n\t\t<div class=\"w-grid-item-h\" style=\"background:url(https:\/\/domyiq.sk\/wp-content\/uploads\/2023\/12\/domy-iq-mobilne-39-3-e1702294530937.jpg) center center\/cover no-repeat;\">\r\n\t\t\t\t\t\t<div class=\"w-vwrapper usg_vwrapper_1 align_none valign_middle\"><p class=\"w-post-elm post_title usg_post_title_1 has_text_color align_left entry-title color_link_inherit\"><a href=\"https:\/\/domyiq.sk\/index.php\/nehnutelnosti\/single-house-3\/\">Mobiln\u00e1 rozh\u013ead\u0148a<\/a><\/p><\/div><div class=\"w-vwrapper usg_vwrapper_2 align_none valign_middle\"><div class=\"w-post-elm post_content usg_post_content_2\"><p>Skvel\u00e1 na glamping. <\/p>\n<\/div><a class=\"w-btn us-btn-style_4 usg_btn_2 icon_atleft text_none\" aria-label=\"Button\" href=\"https:\/\/domyiq.sk\/index.php\/nehnutelnosti\/single-house-3\/\"><i class=\"far fa-long-arrow-alt-right\"><\/i><\/a><\/div>\t\t<\/div>\r\n\t<\/article>\r\n<\/div><div class=\"w-grid-preloader\">\t<div class=\"g-preloader type_1\">\r\n\t\t<div><\/div>\r\n\t<\/div>\r\n\t<\/div>\t<div class=\"w-grid-json hidden\" onclick='return {&quot;action&quot;:&quot;us_ajax_grid&quot;,&quot;ajax_url&quot;:&quot;https:\\\/\\\/domyiq.sk\\\/wp-admin\\\/admin-ajax.php&quot;,&quot;infinite_scroll&quot;:0,&quot;max_num_pages&quot;:1,&quot;pagination&quot;:&quot;none&quot;,&quot;template_vars&quot;:{&quot;columns&quot;:&quot;3&quot;,&quot;exclude_items&quot;:&quot;none&quot;,&quot;img_size&quot;:&quot;default&quot;,&quot;ignore_items_size&quot;:0,&quot;items_layout&quot;:&quot;45&quot;,&quot;items_offset&quot;:&quot;1&quot;,&quot;load_animation&quot;:&quot;none&quot;,&quot;overriding_link&quot;:&quot;%7B%22url%22%3A%22%22%7D&quot;,&quot;post_id&quot;:0,&quot;query_args&quot;:{&quot;post_type&quot;:[&quot;us_portfolio&quot;],&quot;post_status&quot;:[&quot;publish&quot;],&quot;posts_per_page&quot;:&quot;10&quot;},&quot;orderby_query_args&quot;:{&quot;orderby&quot;:{&quot;date&quot;:&quot;DESC&quot;}},&quot;type&quot;:&quot;grid&quot;,&quot;us_grid_ajax_index&quot;:1,&quot;us_grid_filter_params&quot;:[],&quot;us_grid_index&quot;:1,&quot;_us_grid_post_type&quot;:&quot;us_portfolio&quot;,&quot;page_args&quot;:[]}}'><\/div>\r\n\t<\/div><\/div><\/div><\/div><\/div><\/div><\/section><section class=\"l-section wpb_row us_custom_37157a0e height_auto\"><div class=\"l-section-h i-cf\"><div class=\"g-cols vc_row via_flex valign_middle type_default stacking_default\"><div class=\"vc_col-sm-6 wpb_column vc_column_container has_bg_color stretched\"><div class=\"vc_column-inner us_custom_7f5153bc\"><div class=\"wpb_wrapper\"><\/div><\/div><\/div><div class=\"vc_col-sm-6 wpb_column vc_column_container\"><div class=\"vc_column-inner us_custom_f74f4662\"><div class=\"wpb_wrapper\"><div class=\"w-separator hide_on_tablets hide_on_mobiles size_large\"><\/div><div class=\"wpb_text_column us_custom_3ec9c162 has_text_color\"><div class=\"wpb_wrapper\"><p>Katal\u00f3g Domy IQ<\/p>\n<\/div><\/div><div class=\"w-separator size_small\"><\/div><div class=\"wpb_text_column us_custom_648c4f64 has_text_color\"><div class=\"wpb_wrapper\"><p>preh\u013eadn\u00e1 verzia katal\u00f3gu na stiahnutie ZADARMO<\/p>\n<\/div><\/div><div class=\"w-separator size_small\"><\/div><div class=\"g-cols wpb_row us_custom_e7a8b970 via_flex valign_middle type_default stacking_default\"><div class=\"vc_col-sm-6 wpb_column vc_column_container\"><div class=\"vc_column-inner\"><div class=\"wpb_wrapper\"><div class=\"w-iconbox us_custom_99ba7a74 has_text_color iconpos_left style_default color_primary align_left no_text\"><div class=\"w-iconbox-icon\" style=\"font-size:18px;\"><i class=\"fas fa-print\"><\/i><\/div><div class=\"w-iconbox-meta\"><p class=\"w-iconbox-title\" style=\"font-size:15px;\">PDF verzia<\/p><\/div><\/div><\/div><\/div><\/div><div class=\"vc_col-sm-6 wpb_column vc_column_container\"><div class=\"vc_column-inner\"><div class=\"wpb_wrapper\"><div class=\"wpb_text_column us_custom_50ee07da has_text_color\"><div class=\"wpb_wrapper\"><p>36 str\u00e1n<\/p>\n<\/div><\/div><\/div><\/div><\/div><\/div><div class=\"g-cols wpb_row us_custom_e7a8b970 via_flex valign_middle type_default stacking_default\"><div class=\"vc_col-sm-6 wpb_column vc_column_container\"><div class=\"vc_column-inner\"><div class=\"wpb_wrapper\"><div class=\"w-iconbox us_custom_99ba7a74 has_text_color iconpos_left style_default color_primary align_left no_text\"><div class=\"w-iconbox-icon\" style=\"font-size:18px;\"><i class=\"fas fa-house\"><\/i><\/div><div class=\"w-iconbox-meta\"><p class=\"w-iconbox-title\" style=\"font-size:15px;\">katal\u00f3gov\u00e1 ponuka<\/p><\/div><\/div><\/div><\/div><\/div><div class=\"vc_col-sm-6 wpb_column vc_column_container\"><div class=\"vc_column-inner\"><div class=\"wpb_wrapper\"><div class=\"wpb_text_column us_custom_50ee07da has_text_color\"><div class=\"wpb_wrapper\"><p>10 domov<\/p>\n<\/div><\/div><\/div><\/div><\/div><\/div><div class=\"g-cols wpb_row us_custom_e7a8b970 via_flex valign_middle type_default stacking_default\"><div class=\"vc_col-sm-6 wpb_column vc_column_container\"><div class=\"vc_column-inner\"><div class=\"wpb_wrapper\"><div class=\"w-iconbox us_custom_99ba7a74 has_text_color iconpos_left style_default color_primary align_left no_text\"><div class=\"w-iconbox-icon\" style=\"font-size:18px;\"><i class=\"fas fa-hammer\"><\/i><\/div><div class=\"w-iconbox-meta\"><p class=\"w-iconbox-title\" style=\"font-size:15px;\">O n\u00e1s<\/p><\/div><\/div><\/div><\/div><\/div><div class=\"vc_col-sm-6 wpb_column vc_column_container\"><div class=\"vc_column-inner\"><div class=\"wpb_wrapper\"><div class=\"wpb_text_column us_custom_50ee07da has_text_color\"><div class=\"wpb_wrapper\"><p>technick\u00e9 inform\u00e1cie, materi\u00e1ly, skladba stien<\/p>\n<\/div><\/div><\/div><\/div><\/div><\/div><div class=\"w-btn-wrapper align_none\"><a class=\"w-btn us-btn-style_1\" href=\"https:\/\/domyiq.sk\/wp-content\/uploads\/2024\/07\/domyIQ-katalog2024.pdf\"><span class=\"w-btn-label\">Stiahnu\u0165 PDF<\/span><\/a><\/div><\/div><\/div><\/div><\/div><\/div><\/section>\n","protected":false},"excerpt":{"rendered":"Online katal\u00f3g Mobiln\u00e1 rozh\u013ead\u0148aMobiln\u00fd dom s vyhliadkou Mobiln\u00e1 rozh\u013ead\u0148a zasaden\u00e1 do o\u010daruj\u00faceho prostredia je ide\u00e1lna na komer\u010dn\u00e9 vyu\u017eitie \u2013 napr\u00edklad na \u010doraz popul\u00e1rnej\u0161\u00ed glamping. Tento mobiln\u00fd dom\u010dek je umiestnen\u00fd na nosnej kon\u0161trukcii, pod ktorou v\u010faka bet\u00f3novej obmurovke vznikol \u010fal\u0161\u00ed praktick\u00fd priestor vyu\u017eite\u013en\u00fd ako \u00falo\u017eisko na bicykle, \u0161portov\u00e9 potreby \u010di na odpo\u010dinok v pr\u00edjemnom tieni. Samotn\u00fd...","protected":false},"author":1,"featured_media":0,"parent":0,"menu_order":0,"comment_status":"closed","ping_status":"closed","template":"","meta":{"footnotes":""},"class_list":["post-11","page","type-page","status-publish","hentry"],"_links":{"self":[{"href":"https:\/\/domyiq.sk\/index.php\/wp-json\/wp\/v2\/pages\/11","targetHints":{"allow":["GET"]}}],"collection":[{"href":"https:\/\/domyiq.sk\/index.php\/wp-json\/wp\/v2\/pages"}],"about":[{"href":"https:\/\/domyiq.sk\/index.php\/wp-json\/wp\/v2\/types\/page"}],"author":[{"embeddable":true,"href":"https:\/\/domyiq.sk\/index.php\/wp-json\/wp\/v2\/users\/1"}],"replies":[{"embeddable":true,"href":"https:\/\/domyiq.sk\/index.php\/wp-json\/wp\/v2\/comments?post=11"}],"version-history":[{"count":23,"href":"https:\/\/domyiq.sk\/index.php\/wp-json\/wp\/v2\/pages\/11\/revisions"}],"predecessor-version":[{"id":836,"href":"https:\/\/domyiq.sk\/index.php\/wp-json\/wp\/v2\/pages\/11\/revisions\/836"}],"wp:attachment":[{"href":"https:\/\/domyiq.sk\/index.php\/wp-json\/wp\/v2\/media?parent=11"}],"curies":[{"name":"wp","href":"https:\/\/api.w.org\/{rel}","templated":true}]}}