{"id":13,"date":"2023-11-18T11:55:05","date_gmt":"2023-11-18T10:55:05","guid":{"rendered":"https:\/\/domyiq.sk\/?page_id=13"},"modified":"2025-05-07T19:03:07","modified_gmt":"2025-05-07T17:03:07","slug":"kontakt","status":"publish","type":"page","link":"https:\/\/domyiq.sk\/index.php\/kontakt\/","title":{"rendered":"Kontakt"},"content":{"rendered":"<section class=\"l-section wpb_row us_custom_a2f1184c height_auto\"><div class=\"l-section-h i-cf\"><div class=\"g-cols vc_row via_flex valign_top type_default stacking_default\"><div class=\"vc_col-sm-6 wpb_column vc_column_container\"><div class=\"vc_column-inner\"><div class=\"wpb_wrapper\"><div class=\"w-hwrapper valign_middle align_left\" style=\"--hwrapper-gap:1.1rem\"><div class=\"w-separator us_custom_154d7817 rovnaciarafarbacierna size_custom with_line width_default thick_1 style_solid color_text align_center\" style=\"height:2px\"><div class=\"w-separator-h\"><\/div><\/div><div class=\"wpb_text_column us_custom_26277142 has_text_color\"><div class=\"wpb_wrapper\"><p>Dohodnite si stretnutie<\/p>\n<\/div><\/div><\/div><div class=\"wpb_text_column us_custom_02d77d82 has_text_color\"><div class=\"wpb_wrapper\"><p>Kontakt<\/p>\n<\/div><\/div><form class=\"w-form  us_custom_72fc42ef layout_ver for_cform us_form_1\" autocomplete=\"off\" action=\"https:\/\/domyiq.sk\/index.php\/wp-json\/wp\/v2\/pages\/13\" method=\"post\"><div class=\"w-form-h\"><div class=\"w-form-row for_text required cols_2\">\r\n\t\t<div class=\"w-form-row-field\">\r\n\t\t\t\t\t\t<input aria-label=\"Meno\" type=\"text\" name=\"us_form_1_text_1\" value placeholder=\"Meno *\" data-required=\"true\" aria-required=\"true\"\/>\r\n\t\t\t<\/div>\r\n\t\t<div class=\"w-form-row-state\">Fill out this field<\/div>\r\n<\/div>\r\n<div class=\"w-form-row for_text required cols_2\">\r\n\t\t<div class=\"w-form-row-field\">\r\n\t\t\t\t\t\t<input aria-label=\"Telef\u00f3n\" inputmode=\"tel\" type=\"text\" name=\"us_form_1_text_2\" value placeholder=\"Telef\u00f3n *\" data-required=\"true\" aria-required=\"true\"\/>\r\n\t\t\t<\/div>\r\n\t\t<div class=\"w-form-row-state\">Fill out this field<\/div>\r\n<\/div>\r\n<div class=\"w-form-row for_email\">\r\n\t\t<div class=\"w-form-row-field\">\r\n\t\t\t\t\t\t<input aria-label=\"E-mail\" type=\"email\" name=\"us_form_1_email_1\" value placeholder=\"E-mail\"\/>\r\n\t\t\t<\/div>\r\n\t\t<div class=\"w-form-row-state\">Pros\u00edm uve\u010fte spr\u00e1vnu\/funk\u010dn\u00fa e-mailov\u00fa adresu.<\/div>\r\n<\/div>\r\n<div class=\"w-form-row for_textarea\">\r\n\t\t<div class=\"w-form-row-field\">\r\n\t\t\t\t\t\t<textarea aria-label=\"Text\" name=\"us_form_1_textarea_1\" placeholder=\"Text\"><\/textarea>\r\n\t\t\t<\/div>\r\n\t\t<div class=\"w-form-row-state\">Fill out this field<\/div>\r\n<\/div>\r\n<div class=\"w-form-row for_agreement required\">\r\n\t\t<div class=\"w-form-row-field\">\r\n\t\t\t\t<label>\r\n\t\t\t<input type=\"checkbox\" value=\"1\" data-required=\"true\" aria-required=\"true\" name=\"us_form_1_agreement_1\"\/>\r\n\t\t\t<span>Vlo\u017een\u00edm e-mailu s\u00fahlas\u00edte s <a href=\"https:\/\/domyiq.sk\/index.php\/zasady-pouzivania-suborov-cookie-eu\/\">podmienkami ochrany osobn\u00fdch \u00fadajov<\/a>.<\/span>\r\n\t\t<\/label>\r\n\t\t\t<\/div>\r\n\t\t<div class=\"w-form-row-state\">You need to agree with the terms to proceed<\/div>\r\n<\/div>\r\n<input type=\"hidden\" name=\"action\" value=\"us_ajax_cform\" \/>\r\n<input type=\"hidden\" name=\"post_id\" value=\"0\" \/>\r\n<input type=\"hidden\" name=\"form_index\" value=\"1\" \/>\r\n<div class=\"w-form-row for_submit align_center\" style=\"--btn-size-mobiles:100%;\">\r\n\t<button class=\"w-btn  us-btn-style_1\" aria-label=\"Odosla\u0165\" type=\"submit\" style=\"font-size:100%;\">\r\n\t\t<span class=\"g-preloader type_1\"><\/span>\r\n\t\t\t\t<span class=\"w-btn-label\">Odosla\u0165<\/span>\r\n\t\t\t<\/button>\r\n\t<\/div>\r\n<\/div><div class=\"w-form-message\"><\/div><div class=\"w-form-json hidden\" onclick='return {&quot;ajaxurl&quot;:&quot;https:\\\/\\\/domyiq.sk\\\/wp-admin\\\/admin-ajax.php&quot;,&quot;messages&quot;:{&quot;err_empty&quot;:&quot;Fill out this field&quot;,&quot;err_size&quot;:&quot;File size cannot exceed %s MB&quot;,&quot;err_extension&quot;:&quot;%s file type is not allowed&quot;}}'><\/div><\/form><\/div><\/div><\/div><div class=\"vc_col-sm-6 wpb_column vc_column_container\"><div class=\"vc_column-inner\"><div class=\"wpb_wrapper\"><div class=\"w-image align_center\"><div class=\"w-image-h\"><img loading=\"lazy\" decoding=\"async\" width=\"945\" height=\"1024\" src=\"https:\/\/domyiq.sk\/wp-content\/uploads\/2023\/12\/novotny-web-945x1024.jpg\" class=\"attachment-large size-large\" alt=\"\" srcset=\"https:\/\/domyiq.sk\/wp-content\/uploads\/2023\/12\/novotny-web-945x1024.jpg 945w, https:\/\/domyiq.sk\/wp-content\/uploads\/2023\/12\/novotny-web-277x300.jpg 277w, https:\/\/domyiq.sk\/wp-content\/uploads\/2023\/12\/novotny-web.jpg 1662w\" sizes=\"auto, (max-width: 945px) 100vw, 945px\" \/><\/div><\/div><\/div><\/div><\/div><\/div><\/div><\/section><section class=\"l-section wpb_row us_custom_f1b0960f height_auto\"><div class=\"l-section-h i-cf\"><div class=\"g-cols vc_row via_flex valign_top type_default stacking_default\"><div class=\"vc_col-sm-3 wpb_column vc_column_container\"><div class=\"vc_column-inner\"><div class=\"wpb_wrapper\"><div class=\"w-iconbox us_custom_97238773 iconpos_top style_default color_custom align_left\"><div class=\"w-iconbox-icon\" style=\"font-size:43px;--icon-color:#c39f75;\"><i class=\"fal fa-search-location\"><\/i><\/div><div class=\"w-iconbox-meta\"><p class=\"w-iconbox-title\">V\u00fdrobn\u00e1 hala<\/p><div class=\"w-iconbox-text\"><p><a tabindex=\"0\" href=\"https:\/\/www.google.com\/maps\/place\/\/data=!4m2!3m1!1s0x471467b3e8e2d8bb:0xcc23c9197ad7fcf5?sa=X&amp;ved=2ahUKEwj1gt7byYeDAxUqSvEDHXFgCi4Q4kB6BAgnEAA\" data-url=\"\/maps\/place\/\/data=!4m2!3m1!1s0x471467b3e8e2d8bb:0xcc23c9197ad7fcf5?sa=X&amp;ved=2ahUKEwj1gt7byYeDAxUqSvEDHXFgCi4Q4kB6BAgnEAA\">Ve\u013ek\u00e9 Rovn\u00e9 1448, 013 62 Ve\u013ek\u00e9 Rovn\u00e9<\/a><\/p>\n<\/div><\/div><\/div><\/div><\/div><\/div><div class=\"vc_col-sm-3 wpb_column vc_column_container\"><div class=\"vc_column-inner\"><div class=\"wpb_wrapper\"><div class=\"w-iconbox us_custom_97238773 iconpos_top style_default color_custom align_left\"><div class=\"w-iconbox-icon\" style=\"font-size:43px;--icon-color:#c39f75;\"><i class=\"fal fa-mobile-alt\"><\/i><\/div><div class=\"w-iconbox-meta\"><p class=\"w-iconbox-title\">Telef\u00f3n<\/p><div class=\"w-iconbox-text\"><p>+421 911 626 622<\/p>\n<\/div><\/div><\/div><\/div><\/div><\/div><div class=\"vc_col-sm-3 wpb_column vc_column_container\"><div class=\"vc_column-inner\"><div class=\"wpb_wrapper\"><div class=\"w-iconbox us_custom_97238773 iconpos_top style_default color_custom align_left\"><div class=\"w-iconbox-icon\" style=\"font-size:43px;--icon-color:#c39f75;\"><i class=\"fal fa-envelope\"><\/i><\/div><div class=\"w-iconbox-meta\"><p class=\"w-iconbox-title\">Mail<\/p><div class=\"w-iconbox-text\"><p>info@domyiq.sk<\/p>\n<\/div><\/div><\/div><\/div><\/div><\/div><div class=\"vc_col-sm-3 wpb_column vc_column_container\"><div class=\"vc_column-inner\"><div class=\"wpb_wrapper\"><div class=\"w-iconbox us_custom_97238773 iconpos_top style_default color_custom align_left\"><div class=\"w-iconbox-icon\" style=\"font-size:43px;--icon-color:#c39f75;\"><i class=\"fal fa-alarm-clock\"><\/i><\/div><div class=\"w-iconbox-meta\"><p class=\"w-iconbox-title\">Sme tu pre v\u00e1s<\/p><div class=\"w-iconbox-text\"><p>08:30 \u2013 17:00<\/p>\n<\/div><\/div><\/div><\/div><\/div><\/div><\/div><\/div><\/section><section class=\"l-section wpb_row us_custom_11374b0e height_auto with_img parallax_ver\"><div class=\"l-section-img\" role=\"img\" data-img-width=\"1920\" data-img-height=\"1100\" style=\"background-image: url(https:\/\/domyiq.sk\/wp-content\/uploads\/2023\/12\/image-3.jpeg);background-repeat: no-repeat;\"><\/div><div class=\"l-section-h i-cf\"><div class=\"g-cols vc_row via_flex valign_top type_default stacking_default\"><div class=\"vc_col-sm-3 wpb_column vc_column_container\"><div class=\"vc_column-inner\"><div class=\"wpb_wrapper\"><\/div><\/div><\/div><div class=\"vc_col-sm-6 wpb_column vc_column_container\"><div class=\"vc_column-inner\"><div class=\"wpb_wrapper\"><div class=\"w-grid type_carousel layout_106 valign_center\" id=\"us_grid_1\" style=\"--gap:1.5rem;\"><style>.layout_106 .w-grid-item-h{}.layout_106 .usg_post_title_1{color:#c39f75!important;text-align:center!important;font-size:3rem!important;font-family:var(--h1-font-family)!important;padding-top:20px!important}.layout_106 .usg_post_content_1{text-align:center!important;font-size:15px!important;font-family:var(--font-family)!important;padding-top:50px!important;background:url(https:\/\/domyiq.sk\/wp-content\/uploads\/2023\/12\/image.png) no-repeat 50% 40%!important}.layout_106 .usg_post_custom_field_1{color:#191919!important;text-align:center!important;font-size:16px!important;font-weight:600!important;margin-top:30px!important}.layout_106 .usg_post_custom_field_2{color:#191919!important;text-align:center!important;font-size:16px!important}@media (min-width:1025px) and (max-width:1380px){.layout_106 .usg_post_title_1{color:#c39f75!important;text-align:center!important;font-size:3rem!important;font-family:var(--h1-font-family)!important;padding-top:20px!important}.layout_106 .usg_post_content_1{text-align:center!important;font-size:15px!important;font-family:var(--font-family)!important;padding-top:50px!important;background:url(https:\/\/domyiq.sk\/wp-content\/uploads\/2023\/12\/image.png) no-repeat 50% 40%!important}.layout_106 .usg_post_custom_field_1{color:#191919!important;text-align:center!important;font-size:16px!important;font-weight:600!important;margin-top:30px!important}.layout_106 .usg_post_custom_field_2{color:#191919!important;text-align:center!important;font-size:16px!important}}@media (min-width:601px) and (max-width:1024px){.layout_106 .usg_post_title_1{color:#c39f75!important;text-align:center!important;font-size:3rem!important;font-family:var(--h1-font-family)!important;padding-top:20px!important}.layout_106 .usg_post_content_1{text-align:center!important;font-size:15px!important;font-family:var(--font-family)!important;padding-top:50px!important;background:url(https:\/\/domyiq.sk\/wp-content\/uploads\/2023\/12\/image.png) no-repeat 50% 40%!important}.layout_106 .usg_post_custom_field_1{color:#191919!important;text-align:center!important;font-size:16px!important;font-weight:600!important;margin-top:30px!important}.layout_106 .usg_post_custom_field_2{color:#191919!important;text-align:center!important;font-size:16px!important}}@media (max-width:600px){.layout_106 .usg_post_title_1{color:#c39f75!important;text-align:center!important;font-size:3rem!important;font-family:var(--h1-font-family)!important;padding-top:20px!important}.layout_106 .usg_post_content_1{text-align:center!important;font-size:15px!important;font-family:var(--font-family)!important;padding-top:50px!important;background:url(https:\/\/domyiq.sk\/wp-content\/uploads\/2023\/12\/image.png) no-repeat 50% 40%!important}.layout_106 .usg_post_custom_field_1{color:#191919!important;text-align:center!important;font-size:16px!important;font-weight:600!important;margin-top:30px!important}.layout_106 .usg_post_custom_field_2{color:#191919!important;text-align:center!important;font-size:16px!important}}<\/style><div class=\"w-grid-list owl-carousel navstyle_circle navpos_outside\">\t<article class=\"w-grid-item post-109 us_testimonial type-us_testimonial status-publish hentry\" data-id=\"109\">\r\n\t\t<div class=\"w-grid-item-h\">\r\n\t\t\t\t\t\t<p class=\"w-post-elm post_title usg_post_title_1 has_text_color align_center entry-title color_link_inherit\">Povedali o n\u00e1s<\/p><div class=\"w-post-elm post_content usg_post_content_1\"><p>\u00da\u017easn\u00fd pr\u00edstup a ve\u013emi pr\u00edjemn\u00e1 komunik\u00e1cia. V dom\u010deku b\u00fdvame iba chv\u00ed\u013eu, no nem\u00e1me \u010do vytkn\u00fa\u0165.<\/p>\n<p>&nbsp;<\/p>\n<\/div><div class=\"w-post-elm post_custom_field usg_post_custom_field_1 has_text_color type_text us_testimonial_author color_link_inherit\"><span class=\"w-post-elm-value\">M\u00e1ria, \u017dilina <\/span><\/div><div class=\"w-post-elm post_custom_field usg_post_custom_field_2 has_text_color type_text us_testimonial_company color_link_inherit\"><span class=\"w-post-elm-value\">spokojn\u00e1 klientka <\/span><\/div>\t\t<\/div>\r\n\t<\/article>\r\n<\/div>\t<div class=\"g-preloader type_1\">\r\n\t\t<div><\/div>\r\n\t<\/div>\r\n\t\t<div class=\"w-grid-json hidden\" onclick='return {&quot;action&quot;:&quot;us_ajax_grid&quot;,&quot;ajax_url&quot;:&quot;https:\\\/\\\/domyiq.sk\\\/wp-admin\\\/admin-ajax.php&quot;,&quot;infinite_scroll&quot;:0,&quot;max_num_pages&quot;:1,&quot;pagination&quot;:&quot;none&quot;,&quot;template_vars&quot;:{&quot;columns&quot;:&quot;1&quot;,&quot;exclude_items&quot;:&quot;none&quot;,&quot;img_size&quot;:&quot;default&quot;,&quot;ignore_items_size&quot;:0,&quot;items_layout&quot;:&quot;106&quot;,&quot;items_offset&quot;:&quot;1&quot;,&quot;load_animation&quot;:&quot;none&quot;,&quot;overriding_link&quot;:&quot;%7B%22url%22%3A%22%22%7D&quot;,&quot;post_id&quot;:0,&quot;query_args&quot;:{&quot;post_type&quot;:[&quot;us_testimonial&quot;],&quot;post_status&quot;:[&quot;publish&quot;],&quot;posts_per_page&quot;:&quot;10&quot;},&quot;orderby_query_args&quot;:{&quot;orderby&quot;:{&quot;date&quot;:&quot;DESC&quot;}},&quot;type&quot;:&quot;carousel&quot;,&quot;us_grid_ajax_index&quot;:1,&quot;us_grid_filter_params&quot;:[],&quot;us_grid_index&quot;:1,&quot;_us_grid_post_type&quot;:&quot;us_testimonial&quot;,&quot;page_args&quot;:[]},&quot;carousel_settings&quot;:{&quot;autoHeight&quot;:0,&quot;autoplay&quot;:0,&quot;carousel_fade&quot;:0,&quot;center&quot;:0,&quot;dots&quot;:0,&quot;items&quot;:&quot;1&quot;,&quot;loop&quot;:false,&quot;nav&quot;:0,&quot;slideby&quot;:&quot;1&quot;,&quot;smooth_play&quot;:0,&quot;speed&quot;:250,&quot;timeout&quot;:3000,&quot;transition&quot;:&quot;&quot;,&quot;aria_labels&quot;:{&quot;prev&quot;:&quot;Predch\\u00e1dzaj\\u00face&quot;,&quot;next&quot;:&quot;\\u010ealej&quot;}},&quot;carousel_breakpoints&quot;:{&quot;0&quot;:{&quot;autoHeight&quot;:0,&quot;autoplay&quot;:1,&quot;autoplayHoverPause&quot;:1,&quot;items&quot;:1,&quot;loop&quot;:true,&quot;stagePadding&quot;:0},&quot;601&quot;:{&quot;autoHeight&quot;:0,&quot;autoplay&quot;:1,&quot;autoplayHoverPause&quot;:1,&quot;items&quot;:&quot;1&quot;,&quot;loop&quot;:true,&quot;stagePadding&quot;:0},&quot;1025&quot;:{&quot;autoHeight&quot;:0,&quot;autoplay&quot;:1,&quot;autoplayHoverPause&quot;:1,&quot;items&quot;:&quot;1&quot;,&quot;loop&quot;:true,&quot;stagePadding&quot;:0},&quot;1381&quot;:{&quot;items&quot;:1,&quot;stagePadding&quot;:0}}}'><\/div>\r\n\t<\/div><\/div><\/div><\/div><div class=\"vc_col-sm-3 wpb_column vc_column_container\"><div class=\"vc_column-inner\"><div class=\"wpb_wrapper\"><\/div><\/div><\/div><\/div><\/div><\/section>\n","protected":false},"excerpt":{"rendered":"\u00da\u017easn\u00fd pr\u00edstup a ve\u013emi pr\u00edjemn\u00e1 komunik\u00e1cia. V dom\u010deku b\u00fdvame iba chv\u00ed\u013eu, no nem\u00e1me \u010do vytkn\u00fa\u0165. &nbsp;","protected":false},"author":1,"featured_media":0,"parent":0,"menu_order":0,"comment_status":"closed","ping_status":"closed","template":"","meta":{"footnotes":""},"class_list":["post-13","page","type-page","status-publish","hentry"],"_links":{"self":[{"href":"https:\/\/domyiq.sk\/index.php\/wp-json\/wp\/v2\/pages\/13","targetHints":{"allow":["GET"]}}],"collection":[{"href":"https:\/\/domyiq.sk\/index.php\/wp-json\/wp\/v2\/pages"}],"about":[{"href":"https:\/\/domyiq.sk\/index.php\/wp-json\/wp\/v2\/types\/page"}],"author":[{"embeddable":true,"href":"https:\/\/domyiq.sk\/index.php\/wp-json\/wp\/v2\/users\/1"}],"replies":[{"embeddable":true,"href":"https:\/\/domyiq.sk\/index.php\/wp-json\/wp\/v2\/comments?post=13"}],"version-history":[{"count":16,"href":"https:\/\/domyiq.sk\/index.php\/wp-json\/wp\/v2\/pages\/13\/revisions"}],"predecessor-version":[{"id":879,"href":"https:\/\/domyiq.sk\/index.php\/wp-json\/wp\/v2\/pages\/13\/revisions\/879"}],"wp:attachment":[{"href":"https:\/\/domyiq.sk\/index.php\/wp-json\/wp\/v2\/media?parent=13"}],"curies":[{"name":"wp","href":"https:\/\/api.w.org\/{rel}","templated":true}]}}