{"id":276,"date":"2023-12-11T15:37:55","date_gmt":"2023-12-11T14:37:55","guid":{"rendered":"https:\/\/domyiq.sk\/?page_id=276"},"modified":"2025-10-22T20:42:33","modified_gmt":"2025-10-22T18:42:33","slug":"nas-tim","status":"publish","type":"page","link":"https:\/\/domyiq.sk\/index.php\/nas-tim\/","title":{"rendered":"N\u00e1\u0161 t\u00edm"},"content":{"rendered":"<section class=\"l-section wpb_row us_custom_f9cf6e08 height_auto with_img parallax_ver\"><div class=\"l-section-img\" role=\"img\" data-img-width=\"1920\" data-img-height=\"1100\" style=\"background-image: url(https:\/\/domyiq.sk\/wp-content\/uploads\/2023\/11\/image-2.jpeg);background-repeat: no-repeat;\"><\/div><div class=\"l-section-h i-cf\"><div class=\"g-cols vc_row via_flex valign_top type_default stacking_default\"><div class=\"vc_col-sm-6 wpb_column vc_column_container\"><div class=\"vc_column-inner\"><div class=\"wpb_wrapper\"><div class=\"w-hwrapper valign_middle align_left\" style=\"--hwrapper-gap:1.1rem\"><div class=\"w-separator us_custom_154d7817 rovnaciarafarba size_custom with_line width_default thick_1 style_solid color_text align_center\" style=\"height:2px\"><div class=\"w-separator-h\"><\/div><\/div><div class=\"wpb_text_column us_custom_38327aaa has_text_color\"><div class=\"wpb_wrapper\"><p>O n\u00e1s<\/p>\n<\/div><\/div><\/div><h1 class=\"w-post-elm post_title us_custom_38327aaa has_text_color align_left entry-title color_link_inherit\">N\u00e1\u0161 t\u00edm<\/h1><\/div><\/div><\/div><div class=\"vc_col-sm-6 wpb_column vc_column_container\"><div class=\"vc_column-inner\"><div class=\"wpb_wrapper\"><\/div><\/div><\/div><\/div><\/div><\/section><section class=\"l-section wpb_row us_custom_1d34c81b us_animate_this height_auto\"><div class=\"l-section-h i-cf\"><div class=\"g-cols vc_row via_flex valign_top type_default stacking_default\"><div class=\"vc_col-sm-12 wpb_column vc_column_container\"><div class=\"vc_column-inner\"><div class=\"wpb_wrapper\"><div class=\"g-cols wpb_row us_custom_1674fb33 us_animate_this via_flex valign_top type_default stacking_default\"><div class=\"vc_col-sm-4 wpb_column vc_column_container\"><div class=\"vc_column-inner\"><div class=\"wpb_wrapper\"><div class=\"w-person us_custom_b4778ddc teamcustomhoverrasto layout_modern with_desc\" itemscope itemtype=\"https:\/\/schema.org\/Person\"><div class=\"w-person-image\"><img loading=\"lazy\" decoding=\"async\" width=\"965\" height=\"1024\" src=\"https:\/\/domyiq.sk\/wp-content\/uploads\/2023\/12\/mont-tim1-e1702314030213-965x1024.jpg\" class=\"attachment-large size-large\" alt=\"\" srcset=\"https:\/\/domyiq.sk\/wp-content\/uploads\/2023\/12\/mont-tim1-e1702314030213-965x1024.jpg 965w, https:\/\/domyiq.sk\/wp-content\/uploads\/2023\/12\/mont-tim1-e1702314030213-283x300.jpg 283w, https:\/\/domyiq.sk\/wp-content\/uploads\/2023\/12\/mont-tim1-e1702314030213.jpg 984w\" sizes=\"auto, (max-width: 965px) 100vw, 965px\" \/><\/div><div class=\"w-person-content\"><p itemprop=\"name\" class=\"w-person-name\" style=\"font-size:22px\"><span>Mont\u00e1\u017eny t\u00edm I. DomyIQ<\/span><\/p><div class=\"w-person-description\" itemprop=\"description\"><p>Tri partie sk\u00fasen\u00fdch remeseln\u00edkov a technikov, ktor\u00ed cel\u00fd v\u00e1\u0161 dom zostroja od prvej dosky a\u017e po namontovan\u00fa k\u013eu\u010dku na vchodov\u00fdch dver\u00e1ch. <\/p>\n<\/div><\/div><\/div><\/div><\/div><\/div><div class=\"vc_col-sm-4 wpb_column vc_column_container\"><div class=\"vc_column-inner\"><div class=\"wpb_wrapper\"><div class=\"w-person us_custom_c973fafb teamcustomhoverlukas layout_modern with_desc\" itemscope itemtype=\"https:\/\/schema.org\/Person\"><div class=\"w-person-image\"><img loading=\"lazy\" decoding=\"async\" width=\"968\" height=\"1024\" src=\"https:\/\/domyiq.sk\/wp-content\/uploads\/2023\/12\/mont-tim2-3-e1702314006298-968x1024.jpg\" class=\"attachment-large size-large\" alt=\"\" srcset=\"https:\/\/domyiq.sk\/wp-content\/uploads\/2023\/12\/mont-tim2-3-e1702314006298-968x1024.jpg 968w, https:\/\/domyiq.sk\/wp-content\/uploads\/2023\/12\/mont-tim2-3-e1702314006298-284x300.jpg 284w, https:\/\/domyiq.sk\/wp-content\/uploads\/2023\/12\/mont-tim2-3-e1702314006298.jpg 1044w\" sizes=\"auto, (max-width: 968px) 100vw, 968px\" \/><\/div><div class=\"w-person-content\"><p itemprop=\"name\" class=\"w-person-name\" style=\"font-size:22px\"><span>Mont\u00e1\u017eny t\u00edm II. \u2013 III. DomyIQ<\/span><\/p><div class=\"w-person-description\" itemprop=\"description\"><p>Za realiz\u00e1ciou sa skr\u00fdva mno\u017estvo pedantnej a zodpovednej ru\u010dnej pr\u00e1ce, ktor\u00fa t\u00edto p\u00e1ni zvl\u00e1daj\u00fa brav\u00farne.<\/p>\n<\/div><\/div><\/div><\/div><\/div><\/div><div class=\"vc_col-sm-4 wpb_column vc_column_container\"><div class=\"vc_column-inner\"><div class=\"wpb_wrapper\"><div class=\"w-person us_custom_b4778ddc teamcustomhoverviliam layout_modern with_desc\" itemscope itemtype=\"https:\/\/schema.org\/Person\"><div class=\"w-person-image\"><img loading=\"lazy\" decoding=\"async\" width=\"964\" height=\"1024\" src=\"https:\/\/domyiq.sk\/wp-content\/uploads\/2023\/12\/kren-web-964x1024.jpg\" class=\"attachment-large size-large\" alt=\"\" srcset=\"https:\/\/domyiq.sk\/wp-content\/uploads\/2023\/12\/kren-web-964x1024.jpg 964w, https:\/\/domyiq.sk\/wp-content\/uploads\/2023\/12\/kren-web-282x300.jpg 282w, https:\/\/domyiq.sk\/wp-content\/uploads\/2023\/12\/kren-web.jpg 1694w\" sizes=\"auto, (max-width: 964px) 100vw, 964px\" \/><\/div><div class=\"w-person-content\"><p itemprop=\"name\" class=\"w-person-name\" style=\"font-size:22px\"><span>Luk\u00e1\u0161 K\u0159en<\/span><\/p><div class=\"w-person-role\" itemprop=\"jobTitle\">mana\u017e\u00e9r v\u00fdroby DomyIQ<\/div><div class=\"w-person-description\" itemprop=\"description\"><p>V\u0161etko vybav\u00ed, premysl\u00ed, do\u0165ukne a e\u0161te aj predv\u00edda, \u010do by sa e\u0161te mohlo hodi\u0165, aby procesy zjednodu\u0161il a zefekt\u00edvnil.<\/p>\n<\/div><\/div><\/div><\/div><\/div><\/div><\/div><div class=\"g-cols wpb_row us_custom_1674fb33 us_animate_this via_flex valign_top type_default stacking_default\"><div class=\"vc_col-sm-4 wpb_column vc_column_container\"><div class=\"vc_column-inner\"><div class=\"wpb_wrapper\"><div class=\"w-person us_custom_b4778ddc teamcustomhovereva layout_modern with_desc\" itemscope itemtype=\"https:\/\/schema.org\/Person\"><div class=\"w-person-image\"><img loading=\"lazy\" decoding=\"async\" width=\"945\" height=\"1024\" src=\"https:\/\/domyiq.sk\/wp-content\/uploads\/2023\/12\/novotny-web-945x1024.jpg\" class=\"attachment-large size-large\" alt=\"\" srcset=\"https:\/\/domyiq.sk\/wp-content\/uploads\/2023\/12\/novotny-web-945x1024.jpg 945w, https:\/\/domyiq.sk\/wp-content\/uploads\/2023\/12\/novotny-web-277x300.jpg 277w, https:\/\/domyiq.sk\/wp-content\/uploads\/2023\/12\/novotny-web.jpg 1662w\" sizes=\"auto, (max-width: 945px) 100vw, 945px\" \/><\/div><div class=\"w-person-content\"><p itemprop=\"name\" class=\"w-person-name\" style=\"font-size:22px\"><span>Luk\u00e1\u0161 Novotn\u00fd<\/span><\/p><div class=\"w-person-role\" itemprop=\"jobTitle\">konate\u013e DomyIQ<\/div><div class=\"w-person-description\" itemprop=\"description\"><p>Do t\u00edmu vn\u00e1\u0161a systematickos\u0165, ktor\u00e1 nos\u00ed v\u00fdsledky, prin\u00e1\u0161a praktick\u00e9 a efekt\u00edvne rie\u0161enia. <\/p>\n<\/div><\/div><\/div><\/div><\/div><\/div><div class=\"vc_col-sm-4 wpb_column vc_column_container\"><div class=\"vc_column-inner\"><div class=\"wpb_wrapper\"><div class=\"w-person us_custom_c973fafb teamcustomhoverida layout_modern with_desc\" itemscope itemtype=\"https:\/\/schema.org\/Person\"><div class=\"w-person-image\"><img loading=\"lazy\" decoding=\"async\" width=\"952\" height=\"1024\" src=\"https:\/\/domyiq.sk\/wp-content\/uploads\/2023\/12\/strhak-web-e1702313723417-952x1024.jpg\" class=\"attachment-large size-large\" alt=\"\" srcset=\"https:\/\/domyiq.sk\/wp-content\/uploads\/2023\/12\/strhak-web-e1702313723417-952x1024.jpg 952w, https:\/\/domyiq.sk\/wp-content\/uploads\/2023\/12\/strhak-web-e1702313723417-279x300.jpg 279w, https:\/\/domyiq.sk\/wp-content\/uploads\/2023\/12\/strhak-web-e1702313723417.jpg 1369w\" sizes=\"auto, (max-width: 952px) 100vw, 952px\" \/><\/div><div class=\"w-person-content\"><p itemprop=\"name\" class=\"w-person-name\" style=\"font-size:22px\"><span>Patrik Strh\u00e1k<\/span><\/p><div class=\"w-person-role\" itemprop=\"jobTitle\">COO DomyIQ<\/div><div class=\"w-person-description\" itemprop=\"description\"><p>Patrik je d\u00f4kazom, \u017ee zodpovedn\u00fdm pr\u00edstupom dok\u00e1\u017eete vytvori\u0165 produkt, ktor\u00fd uspokoj\u00ed aj najn\u00e1ro\u010dnej\u0161\u00edch.<\/p>\n<\/div><\/div><\/div><\/div><\/div><\/div><div class=\"vc_col-sm-4 wpb_column vc_column_container\"><div class=\"vc_column-inner\"><div class=\"wpb_wrapper\"><div class=\"w-person us_custom_c973fafb teamcustomhoverida layout_modern with_desc\" itemscope itemtype=\"https:\/\/schema.org\/Person\"><div class=\"w-person-image\"><img loading=\"lazy\" decoding=\"async\" width=\"945\" height=\"1024\" src=\"https:\/\/domyiq.sk\/wp-content\/uploads\/2024\/02\/Janka-biela-e1716552772831-945x1024.jpg\" class=\"attachment-large size-large\" alt=\"\" srcset=\"https:\/\/domyiq.sk\/wp-content\/uploads\/2024\/02\/Janka-biela-e1716552772831-945x1024.jpg 945w, https:\/\/domyiq.sk\/wp-content\/uploads\/2024\/02\/Janka-biela-e1716552772831-277x300.jpg 277w, https:\/\/domyiq.sk\/wp-content\/uploads\/2024\/02\/Janka-biela-e1716552772831.jpg 1048w\" sizes=\"auto, (max-width: 945px) 100vw, 945px\" \/><\/div><div class=\"w-person-content\"><p itemprop=\"name\" class=\"w-person-name\" style=\"font-size:22px\"><span>Jana Gombarsk\u00e1<\/span><\/p><div class=\"w-person-role\" itemprop=\"jobTitle\">faktur\u00e1cia DomyIQ<\/div><div class=\"w-person-description\" itemprop=\"description\"><p>Janka sa star\u00e1 o \u010d\u00edsla, aby v\u0161etko sedelo tak, ako m\u00e1 <\/p>\n<\/div><\/div><\/div><\/div><\/div><\/div><\/div><div class=\"g-cols wpb_row us_custom_1674fb33 us_animate_this via_flex valign_top type_default stacking_default\"><div class=\"vc_col-sm-4 wpb_column vc_column_container\"><div class=\"vc_column-inner us_custom_640ff506\"><div class=\"wpb_wrapper\"><div class=\"w-person us_custom_c973fafb teamcustomhovereva layout_modern with_desc\" itemscope itemtype=\"https:\/\/schema.org\/Person\"><div class=\"w-person-image\"><img loading=\"lazy\" decoding=\"async\" width=\"923\" height=\"1024\" src=\"https:\/\/domyiq.sk\/wp-content\/uploads\/2025\/10\/IMG_9339-scaled-e1761158263989-923x1024.jpeg\" class=\"attachment-large size-large\" alt=\"\" srcset=\"https:\/\/domyiq.sk\/wp-content\/uploads\/2025\/10\/IMG_9339-scaled-e1761158263989-923x1024.jpeg 923w, https:\/\/domyiq.sk\/wp-content\/uploads\/2025\/10\/IMG_9339-scaled-e1761158263989-270x300.jpeg 270w, https:\/\/domyiq.sk\/wp-content\/uploads\/2025\/10\/IMG_9339-scaled-e1761158263989.jpeg 1873w\" sizes=\"auto, (max-width: 923px) 100vw, 923px\" \/><\/div><div class=\"w-person-content\"><p itemprop=\"name\" class=\"w-person-name\" style=\"font-size:22px\"><span>Slavom\u00edra Kubekov\u00e1<\/span><\/p><div class=\"w-person-role\" itemprop=\"jobTitle\">mana\u017e\u00e9rka predaja Domy IQ<\/div><div class=\"w-person-description\" itemprop=\"description\"><p>M\u00e1te z\u00e1ujem o viac inform\u00e1ci\u00ed alebo chcete cenov\u00fa ponuku na v\u00e1\u0161 konkr\u00e9tny pozemok? Sl\u00e1vka v\u00e1m priprav\u00ed ponuku na mieru. <\/p>\n<\/div><\/div><\/div><\/div><\/div><\/div><div class=\"vc_col-sm-4 wpb_column vc_column_container\"><div class=\"vc_column-inner\"><div class=\"wpb_wrapper\"><div class=\"w-person us_custom_c973fafb teamcustomhoverviliam layout_modern with_desc\" itemscope itemtype=\"https:\/\/schema.org\/Person\"><div class=\"w-person-image\"><img loading=\"lazy\" decoding=\"async\" width=\"891\" height=\"1024\" src=\"https:\/\/domyiq.sk\/wp-content\/uploads\/2023\/12\/novotna-web-scaled-e1702313853929-891x1024.jpg\" class=\"attachment-large size-large\" alt=\"\" srcset=\"https:\/\/domyiq.sk\/wp-content\/uploads\/2023\/12\/novotna-web-scaled-e1702313853929-891x1024.jpg 891w, https:\/\/domyiq.sk\/wp-content\/uploads\/2023\/12\/novotna-web-scaled-e1702313853929-261x300.jpg 261w, https:\/\/domyiq.sk\/wp-content\/uploads\/2023\/12\/novotna-web-scaled-e1702313853929.jpg 1429w\" sizes=\"auto, (max-width: 891px) 100vw, 891px\" \/><\/div><div class=\"w-person-content\"><p itemprop=\"name\" class=\"w-person-name\" style=\"font-size:22px\"><span>Michaela Novotn\u00e1<\/span><\/p><div class=\"w-person-role\" itemprop=\"jobTitle\">back office mana\u017e\u00e9rka<\/div><div class=\"w-person-description\" itemprop=\"description\"><p>\u010eal\u0161ia posila so sk\u00fasenos\u0165ami z real\u00edt, Mi\u0161ka, vyrie\u0161i v\u0161etko potrebn\u00e9 spojen\u00e9 s administrat\u00edvou.<\/p>\n<\/div><\/div><\/div><\/div><\/div><\/div><div class=\"vc_col-sm-4 wpb_column vc_column_container\"><div class=\"vc_column-inner\"><div class=\"wpb_wrapper\"><div class=\"w-person us_custom_c973fafb teamcustomhoverviliam layout_modern with_desc\" itemscope itemtype=\"https:\/\/schema.org\/Person\"><div class=\"w-person-image\"><img loading=\"lazy\" decoding=\"async\" width=\"755\" height=\"1024\" src=\"https:\/\/domyiq.sk\/wp-content\/uploads\/2025\/10\/65b2c3aa-3a5a-466f-8a80-28838ff13c65-e1761158281637-755x1024.jpg\" class=\"attachment-large size-large\" alt=\"\" \/><\/div><div class=\"w-person-content\"><p itemprop=\"name\" class=\"w-person-name\" style=\"font-size:22px\"><span>Anastasiia Hrubska<\/span><\/p><div class=\"w-person-role\" itemprop=\"jobTitle\">social media specialist<\/div><div class=\"w-person-description\" itemprop=\"description\"><p>O komunik\u00e1ciu navonok sa star\u00e1 Anastasiia, ktor\u00e1 pre v\u00e1s pripravuje pr\u00edspevky na soci\u00e1lne siete, star\u00e1 sa o grafiku a vizu\u00e1ly aj pr\u00edpravu vide\u00ed. <\/p>\n<\/div><\/div><\/div><\/div><\/div><\/div><\/div><div class=\"g-cols wpb_row us_custom_1674fb33 us_animate_this via_flex valign_top type_default stacking_default\"><div class=\"vc_col-sm-4 vc_hidden-lg vc_hidden-md vc_hidden-sm vc_hidden-xs wpb_column vc_column_container\"><div class=\"vc_column-inner\"><div class=\"wpb_wrapper\"><div class=\"w-person us_custom_b4778ddc teamcustomhovereva layout_modern with_desc\" itemscope itemtype=\"https:\/\/schema.org\/Person\"><div class=\"w-person-image\"><img loading=\"lazy\" decoding=\"async\" width=\"576\" height=\"1024\" src=\"https:\/\/domyiq.sk\/wp-content\/uploads\/2024\/07\/boris-576x1024.jpg\" class=\"attachment-large size-large\" alt=\"\" srcset=\"https:\/\/domyiq.sk\/wp-content\/uploads\/2024\/07\/boris-576x1024.jpg 576w, https:\/\/domyiq.sk\/wp-content\/uploads\/2024\/07\/boris-169x300.jpg 169w, https:\/\/domyiq.sk\/wp-content\/uploads\/2024\/07\/boris.jpg 1151w\" sizes=\"auto, (max-width: 576px) 100vw, 576px\" \/><\/div><div class=\"w-person-content\"><p itemprop=\"name\" class=\"w-person-name\" style=\"font-size:22px\"><span>Boris Krajmer<\/span><\/p><div class=\"w-person-role\" itemprop=\"jobTitle\">mana\u017e\u00e9r predaja DomyIQ<\/div><div class=\"w-person-description\" itemprop=\"description\"><p>M\u00e1te z\u00e1ujem o viac inform\u00e1ci\u00ed o Domoch IQ? Boris ako sk\u00fasen\u00fd predajca v\u00e1m priprav\u00ed ponuku na mieru. <\/p>\n<\/div><\/div><\/div><\/div><\/div><\/div><\/div><\/div><\/div><\/div><\/div><\/div><\/section>\n","protected":false},"excerpt":{"rendered":"O n\u00e1s N\u00e1\u0161 t\u00edmMont\u00e1\u017eny t\u00edm I. DomyIQTri partie sk\u00fasen\u00fdch remeseln\u00edkov a technikov, ktor\u00ed cel\u00fd v\u00e1\u0161 dom zostroja od prvej dosky a\u017e po namontovan\u00fa k\u013eu\u010dku na vchodov\u00fdch dver\u00e1ch. Mont\u00e1\u017eny t\u00edm II. \u2013 III. DomyIQZa realiz\u00e1ciou sa skr\u00fdva mno\u017estvo pedantnej a zodpovednej ru\u010dnej pr\u00e1ce, ktor\u00fa t\u00edto p\u00e1ni zvl\u00e1daj\u00fa brav\u00farne. Luk\u00e1\u0161 K\u0159enmana\u017e\u00e9r v\u00fdroby DomyIQV\u0161etko vybav\u00ed, premysl\u00ed, do\u0165ukne a...","protected":false},"author":1,"featured_media":0,"parent":0,"menu_order":0,"comment_status":"closed","ping_status":"closed","template":"","meta":{"footnotes":""},"class_list":["post-276","page","type-page","status-publish","hentry"],"_links":{"self":[{"href":"https:\/\/domyiq.sk\/index.php\/wp-json\/wp\/v2\/pages\/276","targetHints":{"allow":["GET"]}}],"collection":[{"href":"https:\/\/domyiq.sk\/index.php\/wp-json\/wp\/v2\/pages"}],"about":[{"href":"https:\/\/domyiq.sk\/index.php\/wp-json\/wp\/v2\/types\/page"}],"author":[{"embeddable":true,"href":"https:\/\/domyiq.sk\/index.php\/wp-json\/wp\/v2\/users\/1"}],"replies":[{"embeddable":true,"href":"https:\/\/domyiq.sk\/index.php\/wp-json\/wp\/v2\/comments?post=276"}],"version-history":[{"count":56,"href":"https:\/\/domyiq.sk\/index.php\/wp-json\/wp\/v2\/pages\/276\/revisions"}],"predecessor-version":[{"id":301,"href":"https:\/\/domyiq.sk\/index.php\/wp-json\/wp\/v2\/pages\/276\/revisions\/301"}],"wp:attachment":[{"href":"https:\/\/domyiq.sk\/index.php\/wp-json\/wp\/v2\/media?parent=276"}],"curies":[{"name":"wp","href":"https:\/\/api.w.org\/{rel}","templated":true}]}}